{"id":183,"date":"2019-04-12T17:07:02","date_gmt":"2019-04-12T15:07:02","guid":{"rendered":"http:\/\/collectif-lereseau.com\/?page_id=183"},"modified":"2022-06-28T11:19:11","modified_gmt":"2022-06-28T09:19:11","slug":"anthonin-robineau","status":"publish","type":"page","link":"https:\/\/collectif-lereseau.com\/index.php\/anthonin-robineau\/","title":{"rendered":"Anthonin ROBINEAU"},"content":{"rendered":"\n<div class=\"wp-block-columns has-2-columns is-layout-flex wp-container-core-columns-is-layout-9d6595d7 wp-block-columns-is-layout-flex\">\n<div class=\"wp-block-column is-layout-flow wp-block-column-is-layout-flow\">\n<p>[Gallerie]<\/p>\n<\/div>\n\n\n\n<div class=\"wp-block-column is-layout-flow wp-block-column-is-layout-flow\"><div class=\"wp-block-image\">\n<figure class=\"aligncenter is-resized\"><img decoding=\"async\" src=\"http:\/\/collectif-lereseau.com\/wp-content\/uploads\/2019\/04\/Sans-titre-1-956x1024.png\" alt=\"\" class=\"wp-image-286\" width=\"224\" height=\"240\" srcset=\"https:\/\/collectif-lereseau.com\/wp-content\/uploads\/2019\/04\/Sans-titre-1-956x1024.png 956w, https:\/\/collectif-lereseau.com\/wp-content\/uploads\/2019\/04\/Sans-titre-1-280x300.png 280w, https:\/\/collectif-lereseau.com\/wp-content\/uploads\/2019\/04\/Sans-titre-1-768x822.png 768w, https:\/\/collectif-lereseau.com\/wp-content\/uploads\/2019\/04\/Sans-titre-1-480x514.png 480w, https:\/\/collectif-lereseau.com\/wp-content\/uploads\/2019\/04\/Sans-titre-1.png 1103w\" sizes=\"(max-width: 224px) 100vw, 224px\" \/><\/figure><\/div>\n\n\n<p>Plus j\u2019y r\u00e9fl\u00e9chis et plus je me dis qu\u2019\u00e9crire son \u00ab \u00e0 propos \u00bb c\u2019est un peu comme faire son profil Tinder. Finalement, la seule diff\u00e9rence c\u2019est que le premier me sert \u00e0 financer mon succ\u00e8s sur le second.<\/p>\n\n\n\n<p>La question maintenant est de savoir si je dois commencer en vous disant que j\u2019aime les chats et la musique ? Sur Tinder \u00e7a n\u2019a jamais \u00e9t\u00e9 tr\u00e8s fructueux\u2026 Peut-\u00eatre plut\u00f4t que je suis&nbsp;<strong>photographe&nbsp;<\/strong>et&nbsp;<strong>r\u00e9alisateur freelance<\/strong>, que je pr\u00e9f\u00e8re la ville \u00e0 la campagne, et que le cin\u00e9ma est ma source d\u2019inspiration principale ? On approche je crois.<\/p>\n\n\n\n<p>L\u2019utilit\u00e9 de ce \u00ab \u00e0 propos \u00bb n\u2019est pas tellement de vous parler de moi mais plut\u00f4t de vous donner envie de travailler avec moi en toute confiance. Pour cette raison je ne vous raconterai pas la fois o\u00f9 j\u2019ai mang\u00e9 un McDo avec Jay-Z ou celle ou Fran\u00e7ois (Hollande) m\u2019a demand\u00e9 de r\u00e9aliser sa photo officielle. Faute de temps il s\u2019est finalement tourn\u00e9 vers Raymond\u2026Depardon \u00e9videment.<\/p>\n\n\n\n<p>Par contre je peux vous dire que je viens du&nbsp;<strong>documentaire<\/strong>, que j\u2019ai travaill\u00e9 avec LaToileBlanche (production associative tourn\u00e9e vers l\u2019insertion des jeunes issus de quartiers prioritaires) ou bien encore que j\u2019aie durant 3 ans rencontr\u00e9,&nbsp;<strong>photographi\u00e9&nbsp;<\/strong>(argentique et num\u00e9rique),&nbsp;<strong>film\u00e9&nbsp;<\/strong>et&nbsp;<strong>interview\u00e9&nbsp;<\/strong>des habitants de Paris et sa banlieue. Cette derni\u00e8re information n\u2019est d\u2019ailleurs pas sur mon profil Tinder, il faut que j\u2019y r\u00e9fl\u00e9chisse\u2026<\/p>\n\n\n\n<p>La premi\u00e8re version de ce \u00ab \u00e0 propos \u00bb commen\u00e7ait par : \u00ab Tout ce qui touche \u00e0 l\u2019image me passionne. C\u2019est en partant de ce constat que j\u2019ai d\u00e9velopp\u00e9 mon activit\u00e9 professionnelle. \u00bb Cette information bien que valable me semblait beaucoup moins attractive. Je la laisse tout de m\u00eame ici, afin de remplir le quota de phrases toutes faites que n\u2019importe quel \u00ab \u00e0 propos \u00bb exige.<\/p>\n\n\n\n<p>Souvenez-vous seulement que le but de ce site est de vous proposer un&nbsp;<strong>service photographique<\/strong>&nbsp;de qualit\u00e9 et de financer mes p\u00e2tes aux thons.<\/p>\n\n\n\n<p><em><strong>\u2022&nbsp;<a href=\"http:\/\/www.instagram.com\/anthonin_robineau\/\">Instagram&nbsp;<\/a>&nbsp;&nbsp;&nbsp;\u2022&nbsp;<a href=\"https:\/\/www.facebook.com\/Anthonin-Robineau-135379053474754\/\">Facebook<\/a>&nbsp; &nbsp; &nbsp; \u2022&nbsp;<a href=\"http:\/\/anthoninrobineau.com\/\">Site Web<\/a><\/strong><\/em><\/p>\n<\/div>\n<\/div>\n","protected":false},"excerpt":{"rendered":"<p>[Gallerie] Plus j\u2019y r\u00e9fl\u00e9chis et plus je me dis qu\u2019\u00e9crire son \u00ab \u00e0 propos \u00bb c\u2019est un peu comme faire son profil Tinder. Finalement, la seule diff\u00e9rence c\u2019est que le premier me sert \u00e0 financer mon succ\u00e8s sur le second. La question maintenant est de savoir si je dois commencer en vous disant que j\u2019aime<br \/><a class=\"moretag\" href=\"https:\/\/collectif-lereseau.com\/index.php\/anthonin-robineau\/\">+ Lire Plus<\/a><\/p>\n","protected":false},"author":1,"featured_media":0,"parent":0,"menu_order":0,"comment_status":"closed","ping_status":"closed","template":"","meta":{"_coblocks_attr":"","_coblocks_dimensions":"","_coblocks_responsive_height":"","_coblocks_accordion_ie_support":"","ngg_post_thumbnail":0,"footnotes":""},"class_list":["post-183","page","type-page","status-publish","hentry"],"jetpack_shortlink":"https:\/\/wp.me\/PaTthb-2X","jetpack_sharing_enabled":true,"_links":{"self":[{"href":"https:\/\/collectif-lereseau.com\/index.php\/wp-json\/wp\/v2\/pages\/183","targetHints":{"allow":["GET"]}}],"collection":[{"href":"https:\/\/collectif-lereseau.com\/index.php\/wp-json\/wp\/v2\/pages"}],"about":[{"href":"https:\/\/collectif-lereseau.com\/index.php\/wp-json\/wp\/v2\/types\/page"}],"author":[{"embeddable":true,"href":"https:\/\/collectif-lereseau.com\/index.php\/wp-json\/wp\/v2\/users\/1"}],"replies":[{"embeddable":true,"href":"https:\/\/collectif-lereseau.com\/index.php\/wp-json\/wp\/v2\/comments?post=183"}],"version-history":[{"count":13,"href":"https:\/\/collectif-lereseau.com\/index.php\/wp-json\/wp\/v2\/pages\/183\/revisions"}],"predecessor-version":[{"id":2547,"href":"https:\/\/collectif-lereseau.com\/index.php\/wp-json\/wp\/v2\/pages\/183\/revisions\/2547"}],"wp:attachment":[{"href":"https:\/\/collectif-lereseau.com\/index.php\/wp-json\/wp\/v2\/media?parent=183"}],"curies":[{"name":"wp","href":"https:\/\/api.w.org\/{rel}","templated":true}]}}