{"id":212,"date":"2019-04-12T18:56:29","date_gmt":"2019-04-12T16:56:29","guid":{"rendered":"http:\/\/collectif-lereseau.com\/?page_id=212"},"modified":"2020-08-25T10:42:14","modified_gmt":"2020-08-25T08:42:14","slug":"alexis-morin-tardiveau","status":"publish","type":"page","link":"https:\/\/collectif-lereseau.com\/index.php\/alexis-morin-tardiveau\/","title":{"rendered":"Alexis MORIN TARDIVEAU"},"content":{"rendered":"\n<div class=\"wp-block-columns has-2-columns is-layout-flex wp-container-core-columns-is-layout-9d6595d7 wp-block-columns-is-layout-flex\">\n<div class=\"wp-block-column is-layout-flow wp-block-column-is-layout-flow\">\n    <div class=\"tiled-gallery type-rectangular tiled-gallery-unresized\"\n         data-original-width=\"2000\"\n         itemscope itemtype=\"http:\/\/schema.org\/ImageGallery\">\n                        <div class=\"gallery-row\"\n         style=\"width: 2000px;\n                height: 1144px;\"\n         data-original-width=\"2000\"\n         data-original-height=\"1144\">\n                    <div class=\"gallery-group images-1\"\n                 style=\"width: 1144px;\n                        height: 1144px;\"\n                 data-original-width=\"1144\"\n                 data-original-height=\"1144\">\n                    <div class=\"tiled-gallery-item\"\n         itemprop=\"associatedMedia\"\n         itemscope\n         itemtype=\"http:\/\/schema.org\/ImageObject\">\n                                <a href='https:\/\/collectif-lereseau.com\/wp-content\/gallery\/alexis\/Alexis-Morin-Tardiveau-Street-Photography-CollectifLeReseau-1.jpg'\n               border='0'\n               itemprop='url'\n               title=\"\"\n               class=\"ngg-simplelightbox\" rel=\"fb92c492374e2a30e8e0a89d2e4cb305\" data-ngg-protect=\"1\"               data-image-id=\"14\"\n               data-title=\"Alexis-Morin-Tardiveau-Street-Photography-CollectifLeReseau-1\"\n               data-description=\"\">\n                <meta itemprop=\"width\" content=\"1140\">\n                <meta itemprop=\"height\" content=\"1140\">\n                <picture>\n\t\n<source srcset='https:\/\/collectif-lereseau.com\/wp-content\/gallery\/alexis\/cache\/Alexis-Morin-Tardiveau-Street-Photography-CollectifLeReseau-1.jpg-nggid0214-ngg0dyn-800x600-00f0w010c010r110f110r010t010.jpg, https:\/\/collectif-lereseau.com\/wp-content\/gallery\/alexis\/cache\/Alexis-Morin-Tardiveau-Street-Photography-CollectifLeReseau-1.jpg-nggid0214-ngg0dyn-1600x1200-00f0w010c010r110f110r010t010.jpg 2x' media=''>\n<img itemprop=\"http:\/\/schema.org\/image\" data-original-width=\"1140\" data-original-height=\"1140\" style=\"width: 1140px;\n                                        height: 1140px;\" title=\"Alexis-Morin-Tardiveau-Street-Photography-CollectifLeReseau-1\" alt=\"Alexis-Morin-Tardiveau-Street-Photography-CollectifLeReseau-1\" width=\"600\" height=\"600\" src=\"https:\/\/collectif-lereseau.com\/wp-content\/gallery\/alexis\/cache\/Alexis-Morin-Tardiveau-Street-Photography-CollectifLeReseau-1.jpg-nggid0214-ngg0dyn-800x600-00f0w010c010r110f110r010t010.jpg\" srcset=\"https:\/\/collectif-lereseau.com\/wp-content\/gallery\/alexis\/cache\/Alexis-Morin-Tardiveau-Street-Photography-CollectifLeReseau-1.jpg-nggid0214-ngg0dyn-800x600-00f0w010c010r110f110r010t010.jpg, https:\/\/collectif-lereseau.com\/wp-content\/gallery\/alexis\/cache\/Alexis-Morin-Tardiveau-Street-Photography-CollectifLeReseau-1.jpg-nggid0214-ngg0dyn-1600x1200-00f0w010c010r110f110r010t010.jpg 2x\" onerror=\"nggRetryFailedImage(this);\"\/>\n<\/picture>            <\/a>\n            <\/div>\n            <\/div>\n                    <div class=\"gallery-group images-2\"\n                 style=\"width: 856px;\n                        height: 1144px;\"\n                 data-original-width=\"856\"\n                 data-original-height=\"1144\">\n                    <div class=\"tiled-gallery-item\"\n         itemprop=\"associatedMedia\"\n         itemscope\n         itemtype=\"http:\/\/schema.org\/ImageObject\">\n                                <a href='https:\/\/collectif-lereseau.com\/wp-content\/gallery\/alexis\/Alexis-Morin-Tardiveau-Evenements-CollectifLeReseau-1.jpg'\n               border='0'\n               itemprop='url'\n               title=\"\"\n               class=\"ngg-simplelightbox\" rel=\"fb92c492374e2a30e8e0a89d2e4cb305\" data-ngg-protect=\"1\"               data-image-id=\"15\"\n               data-title=\"Alexis-Morin-Tardiveau-Evenements-CollectifLeReseau-1\"\n               data-description=\"\">\n                <meta itemprop=\"width\" content=\"852\">\n                <meta itemprop=\"height\" content=\"568\">\n                <picture>\n\t\n<source srcset='https:\/\/collectif-lereseau.com\/wp-content\/gallery\/alexis\/cache\/Alexis-Morin-Tardiveau-Evenements-CollectifLeReseau-1.jpg-nggid0215-ngg0dyn-800x600-00f0w010c010r110f110r010t010.jpg, https:\/\/collectif-lereseau.com\/wp-content\/gallery\/alexis\/cache\/Alexis-Morin-Tardiveau-Evenements-CollectifLeReseau-1.jpg-nggid0215-ngg0dyn-1600x1200-00f0w010c010r110f110r010t010.jpg 2x' media=''>\n<img itemprop=\"http:\/\/schema.org\/image\" data-original-width=\"852\" data-original-height=\"568\" style=\"width: 852px;\n                                        height: 568px;\" title=\"Alexis-Morin-Tardiveau-Evenements-CollectifLeReseau-1\" alt=\"Alexis-Morin-Tardiveau-Evenements-CollectifLeReseau-1\" width=\"800\" height=\"533\" src=\"https:\/\/collectif-lereseau.com\/wp-content\/gallery\/alexis\/cache\/Alexis-Morin-Tardiveau-Evenements-CollectifLeReseau-1.jpg-nggid0215-ngg0dyn-800x600-00f0w010c010r110f110r010t010.jpg\" srcset=\"https:\/\/collectif-lereseau.com\/wp-content\/gallery\/alexis\/cache\/Alexis-Morin-Tardiveau-Evenements-CollectifLeReseau-1.jpg-nggid0215-ngg0dyn-800x600-00f0w010c010r110f110r010t010.jpg, https:\/\/collectif-lereseau.com\/wp-content\/gallery\/alexis\/cache\/Alexis-Morin-Tardiveau-Evenements-CollectifLeReseau-1.jpg-nggid0215-ngg0dyn-1600x1200-00f0w010c010r110f110r010t010.jpg 2x\" onerror=\"nggRetryFailedImage(this);\"\/>\n<\/picture>            <\/a>\n            <\/div>\n    <div class=\"tiled-gallery-item\"\n         itemprop=\"associatedMedia\"\n         itemscope\n         itemtype=\"http:\/\/schema.org\/ImageObject\">\n                                <a href='https:\/\/collectif-lereseau.com\/wp-content\/gallery\/alexis\/Alexis-Morin-Tardiveau-Evenements-CollectifLeReseau-2.jpg'\n               border='0'\n               itemprop='url'\n               title=\"\"\n               class=\"ngg-simplelightbox\" rel=\"fb92c492374e2a30e8e0a89d2e4cb305\" data-ngg-protect=\"1\"               data-image-id=\"16\"\n               data-title=\"Alexis-Morin-Tardiveau-Evenements-CollectifLeReseau-2\"\n               data-description=\"\">\n                <meta itemprop=\"width\" content=\"852\">\n                <meta itemprop=\"height\" content=\"568\">\n                <picture>\n\t\n<source srcset='https:\/\/collectif-lereseau.com\/wp-content\/gallery\/alexis\/cache\/Alexis-Morin-Tardiveau-Evenements-CollectifLeReseau-2.jpg-nggid0216-ngg0dyn-800x600-00f0w010c010r110f110r010t010.jpg, https:\/\/collectif-lereseau.com\/wp-content\/gallery\/alexis\/cache\/Alexis-Morin-Tardiveau-Evenements-CollectifLeReseau-2.jpg-nggid0216-ngg0dyn-1600x1200-00f0w010c010r110f110r010t010.jpg 2x' media=''>\n<img itemprop=\"http:\/\/schema.org\/image\" data-original-width=\"852\" data-original-height=\"568\" style=\"width: 852px;\n                                        height: 568px;\" title=\"Alexis-Morin-Tardiveau-Evenements-CollectifLeReseau-2\" alt=\"Alexis-Morin-Tardiveau-Evenements-CollectifLeReseau-2\" width=\"800\" height=\"533\" src=\"https:\/\/collectif-lereseau.com\/wp-content\/gallery\/alexis\/cache\/Alexis-Morin-Tardiveau-Evenements-CollectifLeReseau-2.jpg-nggid0216-ngg0dyn-800x600-00f0w010c010r110f110r010t010.jpg\" srcset=\"https:\/\/collectif-lereseau.com\/wp-content\/gallery\/alexis\/cache\/Alexis-Morin-Tardiveau-Evenements-CollectifLeReseau-2.jpg-nggid0216-ngg0dyn-800x600-00f0w010c010r110f110r010t010.jpg, https:\/\/collectif-lereseau.com\/wp-content\/gallery\/alexis\/cache\/Alexis-Morin-Tardiveau-Evenements-CollectifLeReseau-2.jpg-nggid0216-ngg0dyn-1600x1200-00f0w010c010r110f110r010t010.jpg 2x\" onerror=\"nggRetryFailedImage(this);\"\/>\n<\/picture>            <\/a>\n            <\/div>\n            <\/div>\n            <\/div>\n    <div class=\"gallery-row\"\n         style=\"width: 2000px;\n                height: 611px;\"\n         data-original-width=\"2000\"\n         data-original-height=\"611\">\n                    <div class=\"gallery-group images-1\"\n                 style=\"width: 1085px;\n                        height: 611px;\"\n                 data-original-width=\"1085\"\n                 data-original-height=\"611\">\n                    <div class=\"tiled-gallery-item\"\n         itemprop=\"associatedMedia\"\n         itemscope\n         itemtype=\"http:\/\/schema.org\/ImageObject\">\n                                <a href='https:\/\/collectif-lereseau.com\/wp-content\/gallery\/alexis\/Alexis-Morin-Tardiveau-Evenements-CollectifLeReseau-3.jpg'\n               border='0'\n               itemprop='url'\n               title=\"\"\n               class=\"ngg-simplelightbox\" rel=\"fb92c492374e2a30e8e0a89d2e4cb305\" data-ngg-protect=\"1\"               data-image-id=\"17\"\n               data-title=\"Alexis-Morin-Tardiveau-Evenements-CollectifLeReseau-3\"\n               data-description=\"\">\n                <meta itemprop=\"width\" content=\"1081\">\n                <meta itemprop=\"height\" content=\"607\">\n                <picture>\n\t\n<source srcset='https:\/\/collectif-lereseau.com\/wp-content\/gallery\/alexis\/cache\/Alexis-Morin-Tardiveau-Evenements-CollectifLeReseau-3.jpg-nggid0217-ngg0dyn-800x600-00f0w010c010r110f110r010t010.jpg, https:\/\/collectif-lereseau.com\/wp-content\/gallery\/alexis\/cache\/Alexis-Morin-Tardiveau-Evenements-CollectifLeReseau-3.jpg-nggid0217-ngg0dyn-1600x1200-00f0w010c010r110f110r010t010.jpg 2x' media=''>\n<img itemprop=\"http:\/\/schema.org\/image\" data-original-width=\"1081\" data-original-height=\"607\" style=\"width: 1081px;\n                                        height: 607px;\" title=\"Alexis-Morin-Tardiveau-Evenements-CollectifLeReseau-3\" alt=\"Alexis-Morin-Tardiveau-Evenements-CollectifLeReseau-3\" width=\"800\" height=\"449\" src=\"https:\/\/collectif-lereseau.com\/wp-content\/gallery\/alexis\/cache\/Alexis-Morin-Tardiveau-Evenements-CollectifLeReseau-3.jpg-nggid0217-ngg0dyn-800x600-00f0w010c010r110f110r010t010.jpg\" srcset=\"https:\/\/collectif-lereseau.com\/wp-content\/gallery\/alexis\/cache\/Alexis-Morin-Tardiveau-Evenements-CollectifLeReseau-3.jpg-nggid0217-ngg0dyn-800x600-00f0w010c010r110f110r010t010.jpg, https:\/\/collectif-lereseau.com\/wp-content\/gallery\/alexis\/cache\/Alexis-Morin-Tardiveau-Evenements-CollectifLeReseau-3.jpg-nggid0217-ngg0dyn-1600x1200-00f0w010c010r110f110r010t010.jpg 2x\" onerror=\"nggRetryFailedImage(this);\"\/>\n<\/picture>            <\/a>\n            <\/div>\n            <\/div>\n                    <div class=\"gallery-group images-1\"\n                 style=\"width: 915px;\n                        height: 611px;\"\n                 data-original-width=\"915\"\n                 data-original-height=\"611\">\n                    <div class=\"tiled-gallery-item\"\n         itemprop=\"associatedMedia\"\n         itemscope\n         itemtype=\"http:\/\/schema.org\/ImageObject\">\n                                <a href='https:\/\/collectif-lereseau.com\/wp-content\/gallery\/alexis\/Alexis-Morin-Tardiveau-Evenements-CollectifLeReseau-4.jpg'\n               border='0'\n               itemprop='url'\n               title=\"\"\n               class=\"ngg-simplelightbox\" rel=\"fb92c492374e2a30e8e0a89d2e4cb305\" data-ngg-protect=\"1\"               data-image-id=\"18\"\n               data-title=\"Alexis-Morin-Tardiveau-Evenements-CollectifLeReseau-4\"\n               data-description=\"\">\n                <meta itemprop=\"width\" content=\"911\">\n                <meta itemprop=\"height\" content=\"607\">\n                <picture>\n\t\n<source srcset='https:\/\/collectif-lereseau.com\/wp-content\/gallery\/alexis\/cache\/Alexis-Morin-Tardiveau-Evenements-CollectifLeReseau-4.jpg-nggid0218-ngg0dyn-800x600-00f0w010c010r110f110r010t010.jpg, https:\/\/collectif-lereseau.com\/wp-content\/gallery\/alexis\/cache\/Alexis-Morin-Tardiveau-Evenements-CollectifLeReseau-4.jpg-nggid0218-ngg0dyn-1600x1200-00f0w010c010r110f110r010t010.jpg 2x' media=''>\n<img itemprop=\"http:\/\/schema.org\/image\" data-original-width=\"911\" data-original-height=\"607\" style=\"width: 911px;\n                                        height: 607px;\" title=\"Alexis-Morin-Tardiveau-Evenements-CollectifLeReseau-4\" alt=\"Alexis-Morin-Tardiveau-Evenements-CollectifLeReseau-4\" width=\"800\" height=\"533\" src=\"https:\/\/collectif-lereseau.com\/wp-content\/gallery\/alexis\/cache\/Alexis-Morin-Tardiveau-Evenements-CollectifLeReseau-4.jpg-nggid0218-ngg0dyn-800x600-00f0w010c010r110f110r010t010.jpg\" srcset=\"https:\/\/collectif-lereseau.com\/wp-content\/gallery\/alexis\/cache\/Alexis-Morin-Tardiveau-Evenements-CollectifLeReseau-4.jpg-nggid0218-ngg0dyn-800x600-00f0w010c010r110f110r010t010.jpg, https:\/\/collectif-lereseau.com\/wp-content\/gallery\/alexis\/cache\/Alexis-Morin-Tardiveau-Evenements-CollectifLeReseau-4.jpg-nggid0218-ngg0dyn-1600x1200-00f0w010c010r110f110r010t010.jpg 2x\" onerror=\"nggRetryFailedImage(this);\"\/>\n<\/picture>            <\/a>\n            <\/div>\n            <\/div>\n            <\/div>\n            <\/div>\n\n<\/div>\n\n\n\n<div class=\"wp-block-column is-layout-flow wp-block-column-is-layout-flow\">\n<div class=\"wp-block-image\"><figure class=\"aligncenter size-large is-resized\"><img decoding=\"async\" src=\"https:\/\/collectif-lereseau.com\/wp-content\/uploads\/2020\/08\/Alexis-Morin-Tardiveau-3-956x1024.png\" alt=\"\" class=\"wp-image-1166\" width=\"239\" height=\"256\" srcset=\"https:\/\/collectif-lereseau.com\/wp-content\/uploads\/2020\/08\/Alexis-Morin-Tardiveau-3-956x1024.png 956w, https:\/\/collectif-lereseau.com\/wp-content\/uploads\/2020\/08\/Alexis-Morin-Tardiveau-3-280x300.png 280w, https:\/\/collectif-lereseau.com\/wp-content\/uploads\/2020\/08\/Alexis-Morin-Tardiveau-3-768x822.png 768w, https:\/\/collectif-lereseau.com\/wp-content\/uploads\/2020\/08\/Alexis-Morin-Tardiveau-3.png 1103w\" sizes=\"(max-width: 239px) 100vw, 239px\" \/><\/figure><\/div>\n\n\n\n<p>R\u00e9alisateur, photographe, monteur, acteur, chanteur\u2026 Alexis a quelques points communs avec le couteau suisse ! <br>Pass\u00e9 par un dipl\u00f4me de libraire, par un boulot de vendeur de jeux vid\u00e9o avant de revenir \u00e0 sa passion premi\u00e8re, le cin\u00e9ma,  il \u00e9tudie notamment le th\u00e9\u00e2tre au Cours Florent, pendant deux ans, et se forme au m\u00e9tier d\u2019acteur. C\u2019est finalement par l\u2019\u00e9criture et la r\u00e9alisation qu\u2019il va trouver son id\u00e9al. C\u2019est d\u00e9cid\u00e9, il veut r\u00e9aliser des films et photographier la vie qui se dessine devant lui. Pour se faire il va de postes de techniciens en postes de techniciens sur des tournages pour divers associations et productions. En bref il se forme \u00e0 \u00ab\u00a0l\u2019\u00e9cole\u00a0\u00bb du cin\u00e9ma ! En parall\u00e8le il r\u00e9alise des courts m\u00e9trages fictifs et des documentaires en auto-production avant d\u2019\u00eatre produit, en Autriche, par le Festival of Nations de Leipzig.<\/p>\n\n\n\n<p><em><strong>\u2022&nbsp;<a href=\"https:\/\/www.instagram.com\/alex_mtard\/?hl=fr\">Instagram&nbsp;<\/a>&nbsp;&nbsp; &nbsp; &nbsp;&nbsp;\u2022&nbsp;<a href=\"https:\/\/amt-photo.myportfolio.com\/\">Site Web<\/a><\/strong><\/em><\/p>\n<\/div>\n<\/div>\n","protected":false},"excerpt":{"rendered":"<p>R\u00e9alisateur, photographe, monteur, acteur, chanteur\u2026 Alexis a quelques points communs avec le couteau suisse ! Pass\u00e9 par un dipl\u00f4me de libraire, par un boulot de vendeur de jeux vid\u00e9o avant de revenir \u00e0 sa passion premi\u00e8re, le cin\u00e9ma, il \u00e9tudie notamment le th\u00e9\u00e2tre au Cours Florent, pendant deux ans, et se forme au m\u00e9tier d\u2019acteur.<br \/><a class=\"moretag\" href=\"https:\/\/collectif-lereseau.com\/index.php\/alexis-morin-tardiveau\/\">+ Lire Plus<\/a><\/p>\n","protected":false},"author":1,"featured_media":0,"parent":0,"menu_order":0,"comment_status":"closed","ping_status":"closed","template":"","meta":{"_coblocks_attr":"","_coblocks_dimensions":"","_coblocks_responsive_height":"","_coblocks_accordion_ie_support":"","ngg_post_thumbnail":0,"footnotes":""},"class_list":["post-212","page","type-page","status-publish","hentry"],"jetpack_shortlink":"https:\/\/wp.me\/PaTthb-3q","jetpack_sharing_enabled":true,"_links":{"self":[{"href":"https:\/\/collectif-lereseau.com\/index.php\/wp-json\/wp\/v2\/pages\/212","targetHints":{"allow":["GET"]}}],"collection":[{"href":"https:\/\/collectif-lereseau.com\/index.php\/wp-json\/wp\/v2\/pages"}],"about":[{"href":"https:\/\/collectif-lereseau.com\/index.php\/wp-json\/wp\/v2\/types\/page"}],"author":[{"embeddable":true,"href":"https:\/\/collectif-lereseau.com\/index.php\/wp-json\/wp\/v2\/users\/1"}],"replies":[{"embeddable":true,"href":"https:\/\/collectif-lereseau.com\/index.php\/wp-json\/wp\/v2\/comments?post=212"}],"version-history":[{"count":9,"href":"https:\/\/collectif-lereseau.com\/index.php\/wp-json\/wp\/v2\/pages\/212\/revisions"}],"predecessor-version":[{"id":2546,"href":"https:\/\/collectif-lereseau.com\/index.php\/wp-json\/wp\/v2\/pages\/212\/revisions\/2546"}],"wp:attachment":[{"href":"https:\/\/collectif-lereseau.com\/index.php\/wp-json\/wp\/v2\/media?parent=212"}],"curies":[{"name":"wp","href":"https:\/\/api.w.org\/{rel}","templated":true}]}}