{"id":3012,"date":"2022-07-02T18:57:00","date_gmt":"2022-07-02T16:57:00","guid":{"rendered":"https:\/\/collectif-lereseau.com\/?page_id=3012"},"modified":"2023-07-18T19:00:48","modified_gmt":"2023-07-18T17:00:48","slug":"00-h-92","status":"publish","type":"page","link":"https:\/\/collectif-lereseau.com\/index.php\/00-h-92\/","title":{"rendered":"00 H 92"},"content":{"rendered":"\n<div style=\"height:100px\" aria-hidden=\"true\" class=\"wp-block-spacer\"><\/div>\n\n\n\n<div class=\"wp-block-columns is-layout-flex wp-container-core-columns-is-layout-9d6595d7 wp-block-columns-is-layout-flex\">\n<div class=\"wp-block-column is-layout-flow wp-block-column-is-layout-flow\" style=\"flex-basis:33.33%\">\n<figure class=\"wp-block-image size-full\"><img decoding=\"async\" width=\"1000\" height=\"1000\" src=\"https:\/\/collectif-lereseau.com\/wp-content\/uploads\/2022\/07\/00h92-Logo.jpg\" alt=\"\" class=\"wp-image-2990\" srcset=\"https:\/\/collectif-lereseau.com\/wp-content\/uploads\/2022\/07\/00h92-Logo.jpg 1000w, https:\/\/collectif-lereseau.com\/wp-content\/uploads\/2022\/07\/00h92-Logo-300x300.jpg 300w, https:\/\/collectif-lereseau.com\/wp-content\/uploads\/2022\/07\/00h92-Logo-150x150.jpg 150w, https:\/\/collectif-lereseau.com\/wp-content\/uploads\/2022\/07\/00h92-Logo-768x768.jpg 768w, https:\/\/collectif-lereseau.com\/wp-content\/uploads\/2022\/07\/00h92-Logo-500x500.jpg 500w, https:\/\/collectif-lereseau.com\/wp-content\/uploads\/2022\/07\/00h92-Logo-50x50.jpg 50w\" sizes=\"(max-width: 1000px) 100vw, 1000px\" \/><\/figure>\n<\/div>\n\n\n\n<div class=\"wp-block-column is-layout-flow wp-block-column-is-layout-flow\" style=\"flex-basis:66.66%\">\n<p>En 2017, Kevin et Anthonin se mettent en t\u00eate de faire conna\u00eetre la s\u00e9rie Atlanta. Ils en parlent partout : dans le bus, en soir\u00e9e, au boulot, dans des bars&#8230; En bref, leur question pr\u00e9f\u00e9r\u00e9e \u00e9tait : Tu connais Atlanta ? La suite, vous la connaissez (on vous le souhaite) : une pluie de r\u00e9compenses, la s\u00e9rie est acclam\u00e9e par la presse autant que par le public. Ils ont arr\u00eat\u00e9 de pr\u00eacher le jour o\u00f9 on leur a demand\u00e9 : Tu connais Atlanta ? La mission \u00e9tait accomplie ! Aujourd&rsquo;hui 00h92 est la suite de cette histoire. Kevin et Anthonin se donnent de nouvelles missions tous les 2 mois, vous faire d\u00e9couvrir une nouvelle r\u00e9v\u00e9lation ! D&rsquo;ailleurs, tu connais 00h92 ? Un podcast produit par le Collectif Le R\u00e9seau. Remerciements : Camille, Shkyd, Rufyo&#8230; Et bien \u00e9videmment Donald Glover !<\/p>\n<\/div>\n<\/div>\n\n\n\t\t\t<style type=\"text\/css\">#pp-podcast-6496 a, .pp-modal-window .modal-6496 a, .pp-modal-window .aux-modal-6496 a, #pp-podcast-6496 .ppjs__more { color: #1eb1e0; } #pp-podcast-6496:not(.modern) .ppjs__audio .ppjs__button.ppjs__playpause-button button *, #pp-podcast-6496:not(.modern) .ppjs__audio .ppjs__button.ppjs__playpause-button button:hover *, #pp-podcast-6496:not(.modern) .ppjs__audio .ppjs__button.ppjs__playpause-button button:focus *, .pp-modal-window .modal-6496 .ppjs__audio .ppjs__button.ppjs__playpause-button button *, .pp-modal-window .modal-6496 .ppjs__audio .ppjs__button.ppjs__playpause-button button:hover *, .pp-modal-window .modal-6496 .ppjs__audio .ppjs__button.ppjs__playpause-button button:focus *, .pp-modal-window .aux-modal-6496 .pod-entry__play *, .pp-modal-window .aux-modal-6496 .pod-entry__play:hover * { color: #1eb1e0 !important; } #pp-podcast-6496.postview .episode-list__load-more, .pp-modal-window .aux-modal-6496 .episode-list__load-more, #pp-podcast-6496:not(.modern) .ppjs__time-handle-content, .modal-6496 .ppjs__time-handle-content { border-color: #1eb1e0 !important; } #pp-podcast-6496:not(.modern) .ppjs__audio-time-rail, #pp-podcast-6496.lv3 .pod-entry__play, #pp-podcast-6496.lv4 .pod-entry__play, #pp-podcast-6496.gv2 .pod-entry__play, #pp-podcast-6496.modern.wide-player .ppjs__audio .ppjs__button.ppjs__playpause-button button, #pp-podcast-6496.modern.wide-player .ppjs__audio .ppjs__button.ppjs__playpause-button button:hover, #pp-podcast-6496.modern.wide-player .ppjs__audio .ppjs__button.ppjs__playpause-button button:focus, .pp-modal-window .modal-6496 button.episode-list__load-more, .pp-modal-window .modal-6496 .ppjs__audio-time-rail, .pp-modal-window .modal-6496 button.pp-modal-close { background-color: #1eb1e0 !important; } #pp-podcast-6496 .hasCover .ppjs__audio .ppjs__button.ppjs__playpause-button button { background-color: rgba(0, 0, 0, 0.5) !important; } .pp-modal-window .modal-6496 button.episode-list__load-more:hover, .pp-modal-window .modal-6496 button.episode-list__load-more:focus, .pp-modal-window .aux-modal-6496 button.episode-list__load-more:hover, .pp-modal-window .aux-modal-6496 button.episode-list__load-more:focus { background-color: rgba( 30,177,224, 0.7 ) !important; } #pp-podcast-6496 .ppjs__button.toggled-on, .pp-modal-window .modal-6496 .ppjs__button.toggled-on, #pp-podcast-6496.playerview .pod-entry.activeEpisode, .pp-modal-window .modal-6496.playerview .pod-entry.activeEpisode { background-color: rgba( 30,177,224, 0.1 ); } #pp-podcast-6496.postview .episode-list__load-more { background-color: transparent !important; } #pp-podcast-6496.modern:not(.wide-player) .ppjs__audio .ppjs__button.ppjs__playpause-button button *, #pp-podcast-6496.modern:not(.wide-player) .ppjs__audio .ppjs__button.ppjs__playpause-button button:hover *, #pp-podcast-6496.modern:not(.wide-player) .ppjs__audio .ppjs__button.ppjs__playpause-button button:focus * { color: #1eb1e0 !important; } #pp-podcast-6496.modern:not(.wide-player) .ppjs__time-handle-content { border-color: #1eb1e0 !important; } #pp-podcast-6496.modern:not(.wide-player) .ppjs__audio-time-rail { background-color: #1eb1e0 !important; } #pp-podcast-6496 .ppjs__script-button { display: none; } #pp-podcast-6496.playerview, #pp-podcast-6496.playerview .episode-single, #pp-podcast-6496.lv4 .pod-entry, .inline-view .modal-6496, .inline-view .aux-modal-6496 { background-color: #1e1a35!important; } #pp-podcast-6496.playerview .pp-player__amsg { background-color: rgba( 30,26,53, 0.95 )!important; } #pp-podcast-6496, #pp-podcast-6496 input, #pp-podcast-6496 .episode-list__load-more, .modal-6496, .pp-modal-window .aux-modal-6496, .pp-modal-window .aux-modal-6496 input, .pp-modal-window .aux-modal-6496 .episode-list__load-more { font-family: \"Montserrat\",-apple-system,BlinkMacSystemFont,Segoe UI,Helvetica,Arial,sans-serif,Apple Color Emoji,Segoe UI Emoji,Segoe UI Symbol !important; }<\/style>\n\t\t\t<div id=\"pp-podcast-6496\" class=\"pp-podcast has-header header-hidden has-featured modern special-style playerview media-audio hide-download hide-content light-accent squr centercrop light-color\"  data-teaser=\"\" data-elength=\"18\" data-eunit=\"\" data-ppsdata=\"{&quot;ppe-6496-1&quot;:{&quot;title&quot;:&quot;Episode 4 : Saboteur Gang &#8211; Saboteur Mixtape&quot;,&quot;author&quot;:&quot;Collectif Le R\\u00e9seau - Anthonin Robineau &amp; Kevin Bantsimba&quot;,&quot;date&quot;:&quot;2 ao\\u00fbt 2023&quot;,&quot;link&quot;:&quot;https:\\\/\\\/collectif-lereseau.com\\\/index.php\\\/00-h-92\\\/&quot;,&quot;src&quot;:&quot;https:\\\/\\\/stats.podcloud.fr\\\/00h92\\\/episode-4-saboteur-gang-saboteur-mixtape\\\/enclosure.a517d837413e579d1f9f45ea82b7615d99719c8d8a14dac364df746d29a9d73c.mp3?p=f&quot;,&quot;featured&quot;:&quot;https:\\\/\\\/uploads.podcloud.fr\\\/uploads\\\/covers\\\/d4\\\/a6\\\/d4a626f6e1cef1beb5870fcc20eb41566db2219c.jpg&quot;,&quot;featured_id&quot;:0,&quot;mediatype&quot;:&quot;audio&quot;,&quot;categories&quot;:[],&quot;duration&quot;:&quot;59:59&quot;,&quot;key&quot;:&quot;5375da54990f38b014823a96ffb23174&quot;,&quot;fset&quot;:&quot;&quot;,&quot;fratio&quot;:1},&quot;ppe-6496-2&quot;:{&quot;title&quot;:&quot;Episode 3 : Prince Waly &#8211; Moussa&quot;,&quot;author&quot;:&quot;Collectif Le R\\u00e9seau - Anthonin Robineau &amp; Kevin Bantsimba&quot;,&quot;date&quot;:&quot;19 juillet 2023&quot;,&quot;link&quot;:&quot;https:\\\/\\\/collectif-lereseau.com\\\/index.php\\\/00-h-92\\\/&quot;,&quot;src&quot;:&quot;https:\\\/\\\/stats.podcloud.fr\\\/00h92\\\/episode-3-prince-waly-moussa\\\/enclosure.0f54609df3dfaba45c116e900a8854aac1760b76560bd35210dbc27e0626b2ef.mp3?p=f&quot;,&quot;featured&quot;:&quot;https:\\\/\\\/uploads.podcloud.fr\\\/uploads\\\/covers\\\/d4\\\/a6\\\/d4a626f6e1cef1beb5870fcc20eb41566db2219c.jpg&quot;,&quot;featured_id&quot;:0,&quot;mediatype&quot;:&quot;audio&quot;,&quot;categories&quot;:[],&quot;duration&quot;:&quot;51:33&quot;,&quot;key&quot;:&quot;038b4d547508f676fcbcb4694c9cc9a1&quot;,&quot;fset&quot;:&quot;&quot;,&quot;fratio&quot;:1},&quot;ppe-6496-3&quot;:{&quot;title&quot;:&quot;Episode 2 : Alpha Wann et Nekfeu &#8211; En sous-marin&quot;,&quot;author&quot;:&quot;Collectif Le R\\u00e9seau&quot;,&quot;date&quot;:&quot;1 novembre 2021&quot;,&quot;link&quot;:&quot;https:\\\/\\\/00h92.lepodcast.fr\\\/episode-2-alpha-wann-et-nekfeu-en-sous-marin&quot;,&quot;src&quot;:&quot;https:\\\/\\\/stats.podcloud.fr\\\/00h92\\\/episode-2-alpha-wann-et-nekfeu-en-sous-marin\\\/enclosure.286f0e9ec18c7af8ab996b574ca0203d3eac2cd414e72bb96b0541de8f1b21c6.mp3?p=f&quot;,&quot;featured&quot;:&quot;https:\\\/\\\/uploads.podcloud.fr\\\/uploads\\\/covers\\\/d4\\\/a6\\\/d4a626f6e1cef1beb5870fcc20eb41566db2219c.jpg&quot;,&quot;featured_id&quot;:0,&quot;mediatype&quot;:&quot;audio&quot;,&quot;categories&quot;:[],&quot;duration&quot;:&quot;44:16&quot;,&quot;key&quot;:&quot;467669752f9b18207307464dc7ef8e55&quot;,&quot;fset&quot;:&quot;&quot;,&quot;fratio&quot;:1},&quot;ppe-6496-4&quot;:{&quot;title&quot;:&quot;Episode 1 : Freeze Corleone &#8211; LMF&quot;,&quot;author&quot;:&quot;Collectif Le R\\u00e9seau&quot;,&quot;date&quot;:&quot;10 septembre 2021&quot;,&quot;link&quot;:&quot;https:\\\/\\\/00h92.lepodcast.fr\\\/episode-1-freeze-corleone-lmf&quot;,&quot;src&quot;:&quot;https:\\\/\\\/stats.podcloud.fr\\\/00h92\\\/episode-1-freeze-corleone-lmf\\\/enclosure.9e849d73623847b73ae024f3857f9e7344e5d2cc2de438ac3e4277b6a0979551.mp3?p=f&quot;,&quot;featured&quot;:&quot;https:\\\/\\\/uploads.podcloud.fr\\\/uploads\\\/covers\\\/d4\\\/a6\\\/d4a626f6e1cef1beb5870fcc20eb41566db2219c.jpg&quot;,&quot;featured_id&quot;:0,&quot;mediatype&quot;:&quot;audio&quot;,&quot;categories&quot;:[],&quot;duration&quot;:&quot;59:28&quot;,&quot;key&quot;:&quot;173261783a1eef723c44c8bcf512689b&quot;,&quot;fset&quot;:&quot;&quot;,&quot;fratio&quot;:1},&quot;load_info&quot;:{&quot;loaded&quot;:4,&quot;displayed&quot;:10,&quot;maxItems&quot;:4,&quot;src&quot;:&quot;75098a54503fac127ec1ce99e9297df5&quot;,&quot;step&quot;:10,&quot;sortby&quot;:&quot;sort_date_desc&quot;,&quot;filterby&quot;:&quot;&quot;,&quot;fixed&quot;:&quot;&quot;,&quot;args&quot;:{&quot;imgurl&quot;:&quot;https:\\\/\\\/uploads.podcloud.fr\\\/uploads\\\/covers\\\/d4\\\/a6\\\/d4a626f6e1cef1beb5870fcc20eb41566db2219c.jpg&quot;,&quot;imgset&quot;:&quot;&quot;,&quot;display&quot;:&quot;modern&quot;,&quot;hddesc&quot;:1,&quot;hdfeat&quot;:0,&quot;oricov&quot;:&quot;https:\\\/\\\/uploads.podcloud.fr\\\/uploads\\\/covers\\\/d4\\\/a6\\\/d4a626f6e1cef1beb5870fcc20eb41566db2219c.jpg&quot;,&quot;elength&quot;:18,&quot;episodes&quot;:&quot;&quot;,&quot;slist&quot;:[0],&quot;elist&quot;:[&quot;&quot;],&quot;catlist&quot;:[&quot;&quot;],&quot;gridcol&quot;:3}},&quot;rdata&quot;:{&quot;permalink&quot;:&quot;https:\\\/\\\/collectif-lereseau.com\\\/wp-json\\\/wp\\\/v2\\\/pages\\\/3012&quot;,&quot;fprint&quot;:&quot;75098a54503fac127ec1ce99e9297df5&quot;,&quot;from&quot;:&quot;feedurl&quot;,&quot;elen&quot;:18,&quot;eunit&quot;:&quot;&quot;,&quot;teaser&quot;:&quot;&quot;,&quot;title&quot;:&quot;00h92 &#8211; Podcast&quot;}}\"><div class=\"pp-podcast__wrapper\"><div class=\"pp-podcast__info pod-info\"><div class=\"pod-info__header pod-header\"><div class=\"pod-header__image\"><div class=\"pod-header__image-wrapper\"><img decoding=\"async\" class=\"podcast-cover-image\" src=\"https:\/\/uploads.podcloud.fr\/uploads\/covers\/d4\/a6\/d4a626f6e1cef1beb5870fcc20eb41566db2219c.jpg\" srcset=\"\" sizes=\"(max-width: 640px) 100vw, 25vw\" alt=\"00h92 &#8211; Podcast\"><\/div><span class=\"pod-header__image-style\" style=\"display: block; width: 100%; padding-top: 100%\"><\/div><div class=\"pod-header__items pod-items\"><div class=\"pod-items__title\">00h92 &#8211; Podcast<\/div><div class=\"pod-items__desc\"><p>En 2017, Kevin et Anthonin se mettent en t\u00eate de faire conna\u00eetre la s\u00e9rie Atlanta. Ils en parlent partout : dans le bus, en soir\u00e9e, au boulot, dans des bars&#8230; En bref, leur question pr\u00e9f\u00e9r\u00e9e \u00e9tait : Tu connais Atlanta ? La suite, vous la connaissez (on vous le souhaite) : une pluie de r\u00e9compenses, la s\u00e9rie est acclam\u00e9e par la presse autant que par le public. Ils ont arr\u00eat\u00e9 de pr\u00eacher le jour o\u00f9 on leur a demand\u00e9 : Tu connais Atlanta ? La mission \u00e9tait accomplie ! Aujourd&rsquo;hui 00h92 est la suite de cette histoire. Kevin et Anthonin se donnent de nouvelles missions tous les 2 mois, vous faire d\u00e9couvrir une nouvelle r\u00e9v\u00e9lation ! <\/p>\n<p>D&rsquo;ailleurs, tu connais 00h92 ?<\/p>\n<p>Un podcast produit par le Collectif Le R\u00e9seau.<\/p>\n<p>Remerciements :<br \/>\nCamille, Shkyd, Rufyo&#8230; Et bien \u00e9videmment Donald Glover !<\/p>\n<\/div><div class=\"pod-items__navi-menu\"><a href=\"https:\/\/podcasts.apple.com\/us\/podcast\/00h92\/id1585372860\" class=\"subscribe-item pp-badge apple-sub\" target=\"_blank\"><svg class=\"icon icon-pp-apple\" aria-hidden=\"true\" role=\"img\" focusable=\"false\"><use href=\"#icon-pp-apple\" xlink:href=\"#icon-pp-apple\"><\/use><\/svg><span class=\"sub-text\"><span class=\"sub-listen-text\">Listen On<\/span><span class=\"sub-item-text\">Apple Podcasts<\/span><\/span><\/a><a href=\"https:\/\/podcasts.google.com\/feed\/aHR0cHM6Ly8wMGg5Mi5sZXBvZGNhc3QuZnIvcnNz\" class=\"subscribe-item pp-badge google-sub\" target=\"_blank\"><svg class=\"icon icon-pp-google\" aria-hidden=\"true\" role=\"img\" focusable=\"false\"><use href=\"#icon-pp-google\" xlink:href=\"#icon-pp-google\"><\/use><\/svg><span class=\"sub-text\"><span class=\"sub-listen-text\">Listen On<\/span><span class=\"sub-item-text\"><span>Google <\/span><span style=\"font-weight: normal;\">Podcasts<\/span><\/span><\/span><\/a><a href=\"https:\/\/open.spotify.com\/show\/23ShRMncxkQPigOrpU0D3P\" class=\"subscribe-item pp-badge spotify-sub\" target=\"_blank\"><span class=\"sub-text\"><span class=\"sub-listen-text\">Listen On<\/span><\/span><svg class=\"icon icon-pp-spotify\" aria-hidden=\"true\" role=\"img\" focusable=\"false\"><use href=\"#icon-pp-spotify\" xlink:href=\"#icon-pp-spotify\"><\/use><\/svg><span class=\"sub-text\"><span class=\"sub-item-text\">Spotify<\/span><\/span><\/a><div class=\"pod-items__menu\"><div class=\"pod-menu-button\"><button class=\"pod-items__menu-open pod-button\" aria-expanded=\"false\"><span class=\"ppjs__offscreen\">Show Menu<\/span><span class=\"btn-icon-wrap\"><svg class=\"icon icon-pp-headphones\" aria-hidden=\"true\" role=\"img\" focusable=\"false\"><use href=\"#icon-pp-headphones\" xlink:href=\"#icon-pp-headphones\"><\/use><\/svg><\/span><\/button><\/div><nav id=\"podcast-menu-6496\" class=\"podcast-menu-6496 podcast-menu\" aria-label=\"Podcast Subscription Menu\"><h2 class=\"ppjs__offscreen\">\t\tPodcast Subscription Menu\t<\/h2><div class=\"menu-menu-bas-de-page-container\"><ul id=\"menu-menu-bas-de-page-2\" class=\"pod-menu\"><li class=\"menu-item menu-item-type-post_type menu-item-object-page menu-item-1265\"><a href=\"https:\/\/collectif-lereseau.com\/index.php\/contact\/\"><span class=\"subscribe-item\"><svg class=\"icon icon-pp-www\" aria-hidden=\"true\" role=\"img\" focusable=\"false\"><use href=\"#icon-pp-www\" xlink:href=\"#icon-pp-www\"><\/use><\/svg><span class=\"sub-text\"><span class=\"sub-item-text\">Contact<\/span><\/span><\/span><\/a><\/li><li class=\"menu-item menu-item-type-custom menu-item-object-custom menu-item-1268\"><a href=\"https:\/\/www.facebook.com\/collectiflereseau\"><span class=\"subscribe-item\"><svg class=\"icon icon-pp-www\" aria-hidden=\"true\" role=\"img\" focusable=\"false\"><use href=\"#icon-pp-www\" xlink:href=\"#icon-pp-www\"><\/use><\/svg><span class=\"sub-text\"><span class=\"sub-item-text\">Facebook<\/span><\/span><\/span><\/a><\/li><li class=\"menu-item menu-item-type-custom menu-item-object-custom menu-item-1269\"><a href=\"https:\/\/www.youtube.com\/channel\/UCXRVj1bgFUdAeySdR8CfO2w\"><span class=\"ppjs__offscreen\">Youtube<\/span><span class=\"subscribe-item youtube-sub\"><svg class=\"icon icon-pp-youtube\" aria-hidden=\"true\" role=\"img\" focusable=\"false\"><use href=\"#icon-pp-youtube\" xlink:href=\"#icon-pp-youtube\"><\/use><\/svg><span class=\"sub-text\"><span class=\"sub-listen-text\">Listen On<\/span><span class=\"sub-item-text\">YouTube<\/span><\/span><\/span><\/a><\/li><li class=\"menu-item menu-item-type-custom menu-item-object-custom menu-item-1270\"><a href=\"https:\/\/www.instagram.com\/collectif_lereseau\/\"><span class=\"subscribe-item\"><svg class=\"icon icon-pp-www\" aria-hidden=\"true\" role=\"img\" focusable=\"false\"><use href=\"#icon-pp-www\" xlink:href=\"#icon-pp-www\"><\/use><\/svg><span class=\"sub-text\"><span class=\"sub-item-text\">Instagram<\/span><\/span><\/span><\/a><\/li><\/ul><\/div><\/nav><\/div><\/div><\/div><\/div><\/div><div class=\"pp-podcast__content pod-content\"><div class=\"pp-podcast__single\"><div class=\"pp-podcast__player\"><div class=\"pp-player-episode\"><audio id=\"pp-podcast-6496-player\" preload=\"none\" class=\"pp-podcast-episode\" style=\"width: 100%;\" controls=\"controls\"><source type=\"audio\/mpeg\" src=\"https:\/\/stats.podcloud.fr\/00h92\/episode-4-saboteur-gang-saboteur-mixtape\/enclosure.a517d837413e579d1f9f45ea82b7615d99719c8d8a14dac364df746d29a9d73c.mp3?p=f\" \/><\/audio><\/div><\/div><div class=\"pod-content__episode episode-single\"><button class=\"episode-single__close\" aria-expanded=\"false\" aria-label=\"Close Single Episode\"><span class=\"btn-icon-wrap\"><svg class=\"icon icon-pp-x\" aria-hidden=\"true\" role=\"img\" focusable=\"false\"><use href=\"#icon-pp-x\" xlink:href=\"#icon-pp-x\"><\/use><\/svg><\/span><\/button><div class=\"episode-single__wrapper\"><div class=\"episode-single__header\"><div class=\"episode-single__title\">Episode 4 : Saboteur Gang &#8211; Saboteur Mixtape<\/div><div class=\"episode-single__author\"><span class=\"byname\">by<\/span><span class=\"single-author\">Collectif Le R\u00e9seau &#8211; Anthonin Robineau &amp; Kevin Bantsimba<\/span><\/div><\/div><\/div><div class=\"ppjs__img-wrapper \"><div class=\"ppjs__img-btn-cover\"><img decoding=\"async\" class=\"ppjs__img-btn\" src=\"https:\/\/uploads.podcloud.fr\/uploads\/covers\/d4\/a6\/d4a626f6e1cef1beb5870fcc20eb41566db2219c.jpg\" srcset=\"\" sizes=\"(max-width: 640px) 100vw, 300px\" alt=\"Episode 4 : Saboteur Gang &#8211; Saboteur Mixtape\"><\/div><span class=\"ppjs__img-btn-style\" style=\"display: block; width: 100%; padding-top: 100%\"><\/div><\/div><\/div><div class=\"pod-content__list episode-list\"><div class=\"episode-list__wrapper\">\n<div id=\"ppe-6496-1\" class=\"episode-list__entry pod-entry\" data-search-term=\"episode 4 : saboteur gang &#8211; saboteur mixtape\" data-cats=\"\">\n\t<div class=\"pod-entry__wrapper\">\n\t\t<div class=\"pod-entry__content\">\n\t\t\t<a class=\"pod-entry__mplay\" href=\"#\">\n\t\t\t\t<span class=\"ppjs__offscreen\">Episode play icon<\/span>\n\t\t\t\t<svg class=\"icon icon-pp-play\" aria-hidden=\"true\" role=\"img\" focusable=\"false\"> <use href=\"#icon-pp-play\" xlink:href=\"#icon-pp-play\"><\/use> <\/svg>\t\t\t\t<svg class=\"icon icon-pp-pause\" aria-hidden=\"true\" role=\"img\" focusable=\"false\"> <use href=\"#icon-pp-pause\" xlink:href=\"#icon-pp-pause\"><\/use> <\/svg>\t\t\t<\/a>\n\t\t\t<div class=\"pod-entry__title\">\n\t\t\t\t<a href=\"https:\/\/collectif-lereseau.com\/index.php\/00-h-92\/\">Episode 4 : Saboteur Gang &#8211; Saboteur Mixtape<\/a>\n\t\t\t<\/div>\n\t\t\t\t\t<\/div>\n\t<\/div>\n<\/div>\n\n<div id=\"ppe-6496-2\" class=\"episode-list__entry pod-entry\" data-search-term=\"episode 3 : prince waly &#8211; moussa\" data-cats=\"\">\n\t<div class=\"pod-entry__wrapper\">\n\t\t<div class=\"pod-entry__content\">\n\t\t\t<a class=\"pod-entry__mplay\" href=\"#\">\n\t\t\t\t<span class=\"ppjs__offscreen\">Episode play icon<\/span>\n\t\t\t\t<svg class=\"icon icon-pp-play\" aria-hidden=\"true\" role=\"img\" focusable=\"false\"> <use href=\"#icon-pp-play\" xlink:href=\"#icon-pp-play\"><\/use> <\/svg>\t\t\t\t<svg class=\"icon icon-pp-pause\" aria-hidden=\"true\" role=\"img\" focusable=\"false\"> <use href=\"#icon-pp-pause\" xlink:href=\"#icon-pp-pause\"><\/use> <\/svg>\t\t\t<\/a>\n\t\t\t<div class=\"pod-entry__title\">\n\t\t\t\t<a href=\"https:\/\/collectif-lereseau.com\/index.php\/00-h-92\/\">Episode 3 : Prince Waly &#8211; Moussa<\/a>\n\t\t\t<\/div>\n\t\t\t\t\t<\/div>\n\t<\/div>\n<\/div>\n\n<div id=\"ppe-6496-3\" class=\"episode-list__entry pod-entry\" data-search-term=\"episode 2 : alpha wann et nekfeu &#8211; en sous-marin\" data-cats=\"\">\n\t<div class=\"pod-entry__wrapper\">\n\t\t<div class=\"pod-entry__content\">\n\t\t\t<a class=\"pod-entry__mplay\" href=\"#\">\n\t\t\t\t<span class=\"ppjs__offscreen\">Episode play icon<\/span>\n\t\t\t\t<svg class=\"icon icon-pp-play\" aria-hidden=\"true\" role=\"img\" focusable=\"false\"> <use href=\"#icon-pp-play\" xlink:href=\"#icon-pp-play\"><\/use> <\/svg>\t\t\t\t<svg class=\"icon icon-pp-pause\" aria-hidden=\"true\" role=\"img\" focusable=\"false\"> <use href=\"#icon-pp-pause\" xlink:href=\"#icon-pp-pause\"><\/use> <\/svg>\t\t\t<\/a>\n\t\t\t<div class=\"pod-entry__title\">\n\t\t\t\t<a href=\"https:\/\/00h92.lepodcast.fr\/episode-2-alpha-wann-et-nekfeu-en-sous-marin\">Episode 2 : Alpha Wann et Nekfeu &#8211; En sous-marin<\/a>\n\t\t\t<\/div>\n\t\t\t\t\t<\/div>\n\t<\/div>\n<\/div>\n\n<div id=\"ppe-6496-4\" class=\"episode-list__entry pod-entry\" data-search-term=\"episode 1 : freeze corleone &#8211; lmf\" data-cats=\"\">\n\t<div class=\"pod-entry__wrapper\">\n\t\t<div class=\"pod-entry__content\">\n\t\t\t<a class=\"pod-entry__mplay\" href=\"#\">\n\t\t\t\t<span class=\"ppjs__offscreen\">Episode play icon<\/span>\n\t\t\t\t<svg class=\"icon icon-pp-play\" aria-hidden=\"true\" role=\"img\" focusable=\"false\"> <use href=\"#icon-pp-play\" xlink:href=\"#icon-pp-play\"><\/use> <\/svg>\t\t\t\t<svg class=\"icon icon-pp-pause\" aria-hidden=\"true\" role=\"img\" focusable=\"false\"> <use href=\"#icon-pp-pause\" xlink:href=\"#icon-pp-pause\"><\/use> <\/svg>\t\t\t<\/a>\n\t\t\t<div class=\"pod-entry__title\">\n\t\t\t\t<a href=\"https:\/\/00h92.lepodcast.fr\/episode-1-freeze-corleone-lmf\">Episode 1 : Freeze Corleone &#8211; LMF<\/a>\n\t\t\t<\/div>\n\t\t\t\t\t<\/div>\n\t<\/div>\n<\/div>\n<div class=\"episode-list__search-results episode-search\"><span class=\"ppjs__offscreen\">Search Results placeholder<\/span><\/div><\/div><\/div><div class=\"ppjs__list-reveal\"><div class=\"ppjs__button\"><button class=\"pp-prev-btn\"><span class=\"ppjs__offscreen\">Previous Episode<\/span><span class=\"btn-icon-wrap\"><svg class=\"icon icon-pp-previous\" aria-hidden=\"true\" role=\"img\" focusable=\"false\"><use href=\"#icon-pp-previous\" xlink:href=\"#icon-pp-previous\"><\/use><\/svg><\/span><\/button><\/div><div class=\"ppjs__button\"><button class=\"pp-list-btn\"><span class=\"ppjs__offscreen\">Show Episodes List<\/span><span class=\"btn-icon-wrap\"><svg class=\"icon icon-pp-show-list\" aria-hidden=\"true\" role=\"img\" focusable=\"false\"><use href=\"#icon-pp-show-list\" xlink:href=\"#icon-pp-show-list\"><\/use><\/svg><svg class=\"icon icon-pp-hide-list\" aria-hidden=\"true\" role=\"img\" focusable=\"false\"><use href=\"#icon-pp-hide-list\" xlink:href=\"#icon-pp-hide-list\"><\/use><\/svg><\/span><\/button><\/div><div class=\"ppjs__button\"><button class=\"pp-next-btn\"><span class=\"ppjs__offscreen\">Next Episode<\/span><span class=\"btn-icon-wrap\"><svg class=\"icon icon-pp-next\" aria-hidden=\"true\" role=\"img\" focusable=\"false\"><use href=\"#icon-pp-next\" xlink:href=\"#icon-pp-next\"><\/use><\/svg><\/span><\/button><\/div><\/div><\/div><\/div><div class=\"pod-content__launcher pod-launch\"><button class=\"pod-launch__button pod-launch__info pod-button\" aria-expanded=\"false\"><span class=\"ppjs__offscreen\">Show Podcast Information<\/span><span class=\"btn-icon-wrap\"><svg class=\"icon icon-pp-podcast\" aria-hidden=\"true\" role=\"img\" focusable=\"false\"><use href=\"#icon-pp-podcast\" xlink:href=\"#icon-pp-podcast\"><\/use><\/svg><svg class=\"icon icon-pp-x\" aria-hidden=\"true\" role=\"img\" focusable=\"false\"><use href=\"#icon-pp-x\" xlink:href=\"#icon-pp-x\"><\/use><\/svg><\/span><\/button><\/div><\/div>\n\n\n<hr class=\"wp-block-coblocks-dynamic-separator is-style-fullwidth\" style=\"height:50px\"\/>\n\n\n\n<p><\/p>\n","protected":false},"excerpt":{"rendered":"<p>En 2017, Kevin et Anthonin se mettent en t\u00eate de faire conna\u00eetre la s\u00e9rie Atlanta. Ils en parlent partout : dans le bus, en soir\u00e9e, au boulot, dans des bars&#8230; En bref, leur question pr\u00e9f\u00e9r\u00e9e \u00e9tait : Tu connais Atlanta ? La suite, vous la connaissez (on vous le souhaite) : une pluie de r\u00e9compenses,<br \/><a class=\"moretag\" href=\"https:\/\/collectif-lereseau.com\/index.php\/00-h-92\/\">+ Lire Plus<\/a><\/p>\n","protected":false},"author":1,"featured_media":0,"parent":0,"menu_order":0,"comment_status":"closed","ping_status":"closed","template":"","meta":{"_coblocks_attr":"","_coblocks_dimensions":"","_coblocks_responsive_height":"","_coblocks_accordion_ie_support":"","ngg_post_thumbnail":0,"footnotes":""},"class_list":["post-3012","page","type-page","status-publish","hentry"],"jetpack_shortlink":"https:\/\/wp.me\/PaTthb-MA","jetpack_sharing_enabled":true,"_links":{"self":[{"href":"https:\/\/collectif-lereseau.com\/index.php\/wp-json\/wp\/v2\/pages\/3012","targetHints":{"allow":["GET"]}}],"collection":[{"href":"https:\/\/collectif-lereseau.com\/index.php\/wp-json\/wp\/v2\/pages"}],"about":[{"href":"https:\/\/collectif-lereseau.com\/index.php\/wp-json\/wp\/v2\/types\/page"}],"author":[{"embeddable":true,"href":"https:\/\/collectif-lereseau.com\/index.php\/wp-json\/wp\/v2\/users\/1"}],"replies":[{"embeddable":true,"href":"https:\/\/collectif-lereseau.com\/index.php\/wp-json\/wp\/v2\/comments?post=3012"}],"version-history":[{"count":13,"href":"https:\/\/collectif-lereseau.com\/index.php\/wp-json\/wp\/v2\/pages\/3012\/revisions"}],"predecessor-version":[{"id":3073,"href":"https:\/\/collectif-lereseau.com\/index.php\/wp-json\/wp\/v2\/pages\/3012\/revisions\/3073"}],"wp:attachment":[{"href":"https:\/\/collectif-lereseau.com\/index.php\/wp-json\/wp\/v2\/media?parent=3012"}],"curies":[{"name":"wp","href":"https:\/\/api.w.org\/{rel}","templated":true}]}}